{"id":20,"date":"2023-04-25T10:23:07","date_gmt":"2023-04-25T13:23:07","guid":{"rendered":"https:\/\/brasilia2060.com.br\/?page_id=20"},"modified":"2023-04-25T10:48:38","modified_gmt":"2023-04-25T13:48:38","slug":"o-pre-legado-olimpico","status":"publish","type":"page","link":"https:\/\/brasilia2060.com.br\/?page_id=20","title":{"rendered":"O pr\u00e9-legado ol\u00edmpico"},"content":{"rendered":"\n<p>S\u00f3 o fato de se falar em uma poss\u00edvel pr\u00e9-candidatura aos Jogos Ol\u00edmpicos de 2060 no futuro \u00e9 o suficiente para permitir que Bras\u00edlia deixe um legado positivo para a cidade e sua popula\u00e7\u00e3o. Aqui est\u00e3o algumas iniciativas que poder\u00e3o ser desenvolvidas:<\/p>\n\n\n\n<p><strong>Projetos de infraestrutura<br><\/strong>Ao se propor a preparar a cidade para os Jogos, Bras\u00edlia precisar\u00e1 em projetos de infraestrutura para melhorar a qualidade de vida dos moradores. Isso inclui a constru\u00e7\u00e3o de novas ciclovias, aprimoramento do transporte p\u00fablico, promo\u00e7\u00e3o do uso de energias renov\u00e1veis, cria\u00e7\u00e3o de \u00e1reas verdes na capital e melhoria do sistema de log\u00edstica de e para Bras\u00edlia.<\/p>\n\n\n\n<p><strong>Instala\u00e7\u00f5es esportivas<\/strong><br>Para sediar os Jogos Ol\u00edmpicos de 2060, Bras\u00edlia precisar\u00e1 de instala\u00e7\u00f5es esportivas  bem equipadas para os eventos oficiais e os campos de treinamento. A cidade investiria em um legado duradouro para a popula\u00e7\u00e3o, a partir da constru\u00e7\u00e3o de novas instala\u00e7\u00f5es esportivas, como gin\u00e1sios, quadras e piscinas, al\u00e9m de melhorar as instala\u00e7\u00f5es existentes, n\u00e3o s\u00f3 no Plano Piloto, mas em todo o Distrito Federal.<\/p>\n\n\n\n<p><strong>Desenvolvimento tur\u00edstico<br><\/strong>Bras\u00edlia como potencial sede dos Jogos \u00e9 tamb\u00e9m um investimento no desenvolvimento tur\u00edstico da cidade. A inten\u00e7\u00e3o \u00e9 criar novos pontos tur\u00edsticos e melhorar os j\u00e1 existentes, promovendo a cidade como destino tur\u00edstico para visitantes nacionais e internacionais.<\/p>\n\n\n\n<p><strong>Desenvolvimento social<br><\/strong>Bras\u00edlia 2060 significaria um legado social positivo para a cidade. Para isso, est\u00e1 investindo em projetos que beneficiam a popula\u00e7\u00e3o local, como programas de treinamento, capacita\u00e7\u00e3o e voluntariado, projetos de inclus\u00e3o social e aprimoramento da sa\u00fade p\u00fablica por meio de uma vida ativa.<\/p>\n\n\n\n<p>Ao apoiar a pr\u00e9-candidatura de Bras\u00edlia para as Olimp\u00edadas de 2060, voc\u00ea tamb\u00e9m estar\u00e1 apoiando iniciativas positivas, que deixar\u00e3o um legado duradouro para a cidade e sua popula\u00e7\u00e3o.<\/p>\n\n\n\n<p>Voc\u00ea tem alguma ideia sobre como colaborar? Como criar um plano e tir\u00e1-lo do papel? <a href=\"https:\/\/brasilia2060.com.br\/?page_id=31\" title=\"Entre em contato\"><strong>Entre em contato<\/strong><\/a>!<\/p>\n","protected":false},"excerpt":{"rendered":"<p>S\u00f3 o fato de se falar em uma poss\u00edvel pr\u00e9-candidatura aos Jogos Ol\u00edmpicos de 2060 no futuro \u00e9 o suficiente para permitir que Bras\u00edlia deixe um legado positivo para a cidade e sua popula\u00e7\u00e3o. Aqui est\u00e3o algumas iniciativas que poder\u00e3o ser desenvolvidas: Projetos de infraestruturaAo se propor a preparar a cidade para os Jogos, Bras\u00edlia [&hellip;]<\/p>\n","protected":false},"author":1,"featured_media":0,"parent":0,"menu_order":0,"comment_status":"closed","ping_status":"closed","template":"","meta":{"_mi_skip_tracking":false,"_themeisle_gutenberg_block_has_review":false},"aioseo_notices":[],"_links":{"self":[{"href":"https:\/\/brasilia2060.com.br\/index.php?rest_route=\/wp\/v2\/pages\/20"}],"collection":[{"href":"https:\/\/brasilia2060.com.br\/index.php?rest_route=\/wp\/v2\/pages"}],"about":[{"href":"https:\/\/brasilia2060.com.br\/index.php?rest_route=\/wp\/v2\/types\/page"}],"author":[{"embeddable":true,"href":"https:\/\/brasilia2060.com.br\/index.php?rest_route=\/wp\/v2\/users\/1"}],"replies":[{"embeddable":true,"href":"https:\/\/brasilia2060.com.br\/index.php?rest_route=%2Fwp%2Fv2%2Fcomments&post=20"}],"version-history":[{"count":3,"href":"https:\/\/brasilia2060.com.br\/index.php?rest_route=\/wp\/v2\/pages\/20\/revisions"}],"predecessor-version":[{"id":39,"href":"https:\/\/brasilia2060.com.br\/index.php?rest_route=\/wp\/v2\/pages\/20\/revisions\/39"}],"wp:attachment":[{"href":"https:\/\/brasilia2060.com.br\/index.php?rest_route=%2Fwp%2Fv2%2Fmedia&parent=20"}],"curies":[{"name":"wp","href":"https:\/\/api.w.org\/{rel}","templated":true}]}}